{"id":1706,"date":"2025-05-06T11:36:15","date_gmt":"2025-05-06T09:36:15","guid":{"rendered":"https:\/\/greenmix2025.fr\/?page_id=1706"},"modified":"2025-08-07T15:20:25","modified_gmt":"2025-08-07T13:20:25","slug":"tru-turf","status":"publish","type":"page","link":"https:\/\/greenmix2025.fr\/index.php\/tru-turf\/","title":{"rendered":"Tru-Turf"},"content":{"rendered":"<p>[et_pb_section fb_built=&#8221;1&#8243; _builder_version=&#8221;4.27.4&#8243; _module_preset=&#8221;default&#8221; custom_padding=&#8221;0px||0px|||&#8221; global_colors_info=&#8221;{}&#8221;][et_pb_row _builder_version=&#8221;4.27.4&#8243; _module_preset=&#8221;default&#8221; width=&#8221;100%&#8221; max_width=&#8221;1456px&#8221; custom_padding=&#8221;0px|||||&#8221; global_colors_info=&#8221;{}&#8221;][et_pb_column type=&#8221;4_4&#8243; _builder_version=&#8221;4.27.4&#8243; _module_preset=&#8221;default&#8221; global_colors_info=&#8221;{}&#8221;][et_pb_image src=&#8221;http:\/\/greenmix2025.fr\/wp-content\/uploads\/2025\/05\/Capture-decran-2025-05-06-a-11.48.22-scaled.png&#8221; alt=&#8221;Tru-turf&#8221; title_text=&#8221;Tru-turf&#8221; _builder_version=&#8221;4.27.4&#8243; _module_preset=&#8221;default&#8221; global_colors_info=&#8221;{}&#8221;][\/et_pb_image][\/et_pb_column][\/et_pb_row][\/et_pb_section][et_pb_section fb_built=&#8221;1&#8243; _builder_version=&#8221;4.27.4&#8243; _module_preset=&#8221;default&#8221; custom_padding=&#8221;4px||3px|||&#8221; locked=&#8221;off&#8221; global_colors_info=&#8221;{}&#8221;][et_pb_row _builder_version=&#8221;4.27.4&#8243; _module_preset=&#8221;default&#8221; custom_padding=&#8221;3px||2px|||&#8221; global_colors_info=&#8221;{}&#8221;][et_pb_column type=&#8221;4_4&#8243; _builder_version=&#8221;4.27.4&#8243; _module_preset=&#8221;default&#8221; global_colors_info=&#8221;{}&#8221;][et_pb_text _builder_version=&#8221;4.27.4&#8243; _module_preset=&#8221;default&#8221; global_colors_info=&#8221;{}&#8221;]<\/p>\n<h2 style=\"text-align: center; color: #1e5631; letter-spacing: 2px; font-weight: bold;\">ROLLING PERFECTION<\/h2>\n<hr style=\"width: 50px; border: 2px solid #1E5631; font-weight: bold; margin: auto;\" \/>[\/et_pb_text][et_pb_text _builder_version=&#8221;4.27.4&#8243; _module_preset=&#8221;default&#8221; custom_margin=&#8221;-50px||||false|false&#8221; custom_padding=&#8221;||0px||false|false&#8221; custom_css_free_form=&#8221;p {||  font-family: &#8216;Poppins&#8217;, sans-serif;||  font-size: 16px;||  font-weight: 300; \/* plus l\u00e9ger *\/||  color: #5e5d6c;||  line-height: 1.7;||}||&#8221; global_colors_info=&#8221;{}&#8221;]<\/p>\n<div class=\"container\">\n<div class=\"vc_row wpb_row vc_row-fluid bg-parallax-parent none\">\n<div class=\"vc_col-sm-12 wpb_column vc_column_container \">\n<div class=\"wpb_wrapper\">\n<div class=\"wpb_text_column wpb_content_element \">\n<div class=\"wpb_wrapper\">\n<p style=\"text-align: center; color: #1e5631; font-weight: 400; font-size: 1.1rem;\">Fa\u00e7onner l\u2019excellence, nourrir les \u00e9cosyst\u00e8mes :<br \/>\nChez Tru-Turf, nous sommes sp\u00e9cialistes dans un seul objectif : le roulage. Pourtant, nous incarnons un objectif qui va bien au-del\u00e0. Nous ne sommes pas seulement des experts ; nous sommes des intendants des personnes, des champions de l\u2019innovation et des partisans de l\u2019harmonie environnementale.<\/p>\n<\/div>\n<\/div>\n<\/div>\n<\/div>\n<\/div>\n<\/div>\n<div class=\"container\">\n<div class=\"vc_row wpb_row vc_row-fluid row-videos bg-parallax-parent none\">\n<div class=\"vc_col-sm-3 wpb_column vc_column_container \">\n<div class=\"wpb_wrapper\">\n<div class=\"wpb_text_column wpb_content_element \">\n<div class=\"wpb_wrapper\"><\/div>\n<\/div>\n<\/div>\n<\/div>\n<\/div>\n<\/div>\n<p>[\/et_pb_text][\/et_pb_column][\/et_pb_row][\/et_pb_section][et_pb_section fb_built=&#8221;1&#8243; _builder_version=&#8221;4.27.4&#8243; _module_preset=&#8221;default&#8221; custom_padding=&#8221;0px|||||&#8221; global_colors_info=&#8221;{}&#8221;][et_pb_row _builder_version=&#8221;4.27.4&#8243; _module_preset=&#8221;default&#8221; custom_padding=&#8221;3px|||||&#8221; global_colors_info=&#8221;{}&#8221;][et_pb_column type=&#8221;4_4&#8243; _builder_version=&#8221;4.27.4&#8243; _module_preset=&#8221;default&#8221; global_colors_info=&#8221;{}&#8221;][et_pb_code _builder_version=&#8221;4.27.4&#8243; _module_preset=&#8221;default&#8221; custom_margin=&#8221;117px|||||&#8221; hover_enabled=&#8221;0&#8243; global_colors_info=&#8221;{}&#8221; sticky_enabled=&#8221;0&#8243;]<pee id=\"tru-loader\" style=\"text-align: center; font-style: italic; margin: 40px 0;\"><!-- [et_pb_line_break_holder] -->  Chargement du catalogue Tru-Turf en cours\u2026<!-- [et_pb_line_break_holder] --><\/pee><!-- [et_pb_line_break_holder] --><!-- [et_pb_line_break_holder] --><\/p>\n<div id=\"my-iframe-container\" style=\"overflow: hidden;\"><!-- [et_pb_line_break_holder] -->  <iframe<!-- [et_pb_line_break_holder] -->    id=&#8221;my-iframe&#8221;<!-- [et_pb_line_break_holder] -->    src=&#8221;https:\/\/www.truturf.com\/rollers\/?dpop=1&#8243;<!-- [et_pb_line_break_holder] -->    style=&#8221;width: 100%; height: calc(100vh + 118px); position: relative; top: -100px; border: none;&#8221;<!-- [et_pb_line_break_holder] -->    loading=&#8221;lazy&#8221;<!-- [et_pb_line_break_holder] -->    onload=&#8221;document.getElementById(&#8216;tru-loader&#8217;).style.display=&#8217;none&#8217;;&#8221;<!-- [et_pb_line_break_holder] -->    allowfullscreen><!-- [et_pb_line_break_holder] -->  <\/iframe><!-- [et_pb_line_break_holder] --><\/div>\n<p><!-- [et_pb_line_break_holder] -->[\/et_pb_code][\/et_pb_column][\/et_pb_row][\/et_pb_section][et_pb_section fb_built=&#8221;1&#8243; _builder_version=&#8221;4.27.4&#8243; _module_preset=&#8221;default&#8221; custom_padding=&#8221;4px||3px|||&#8221; locked=&#8221;off&#8221; global_colors_info=&#8221;{}&#8221;][et_pb_row _builder_version=&#8221;4.27.4&#8243; _module_preset=&#8221;default&#8221; custom_padding=&#8221;||0px|||&#8221; global_colors_info=&#8221;{}&#8221;][et_pb_column type=&#8221;4_4&#8243; _builder_version=&#8221;4.27.4&#8243; _module_preset=&#8221;default&#8221; global_colors_info=&#8221;{}&#8221;][et_pb_text _builder_version=&#8221;4.27.4&#8243; _module_preset=&#8221;default&#8221; global_colors_info=&#8221;{}&#8221;]<\/p>\n<h2 style=\"text-align: center; color: #1e5631; letter-spacing: 2px; font-weight: bold;\">EN SAVOIR PLUS<\/h2>\n<hr style=\"width: 50px; border: 2px solid #1E5631; font-weight: bold; margin: auto;\" \/>[\/et_pb_text][et_pb_button button_url=&#8221;https:\/\/greenmix2025.fr\/index.php\/contact\/&#8221; button_text=&#8221;CONTACTEZ-NOUS&#8221; button_alignment=&#8221;center&#8221; _builder_version=&#8221;4.27.4&#8243; _module_preset=&#8221;default&#8221; custom_button=&#8221;on&#8221; button_text_size=&#8221;18px&#8221; button_text_color=&#8221;#1e5631&#8243; button_icon=&#8221;&#x76;||divi||400&#8243; button_icon_color=&#8221;#1e5631&#8243; button_icon_placement=&#8221;left&#8221; button_on_hover=&#8221;off&#8221; global_colors_info=&#8221;{}&#8221;][\/et_pb_button][\/et_pb_column][\/et_pb_row][et_pb_row _builder_version=&#8221;4.27.4&#8243; _module_preset=&#8221;default&#8221; custom_padding=&#8221;1px||0px|||&#8221; global_colors_info=&#8221;{}&#8221;][et_pb_column type=&#8221;4_4&#8243; _builder_version=&#8221;4.27.4&#8243; _module_preset=&#8221;default&#8221; global_colors_info=&#8221;{}&#8221;][et_pb_code _builder_version=&#8221;4.27.4&#8243; _module_preset=&#8221;default&#8221; custom_margin=&#8221;50px||||false|false&#8221; custom_padding=&#8221;0px||||false|false&#8221; global_colors_info=&#8221;{}&#8221;]<script src=\"https:\/\/cdnjs.cloudflare.com\/ajax\/libs\/zoid\/9.0.87\/zoid.min.js\"><\/script><!-- [et_pb_line_break_holder] --><script src=\"https:\/\/www.truturf.com\/wp-content\/themes\/truturf\/includes\/rollers-widget\/rollers-widget.js\"><\/script><!-- [et_pb_line_break_holder] --><!-- [et_pb_line_break_holder] --><script><!-- [et_pb_line_break_holder] -->  window.addEventListener(\"load\", function () {<!-- [et_pb_line_break_holder] -->    const loader = document.getElementById('tru-loader');<!-- [et_pb_line_break_holder] --><!-- [et_pb_line_break_holder] -->    truTurfRollersComponent({<!-- [et_pb_line_break_holder] -->      setHeight: function (rollers_height) {<!-- [et_pb_line_break_holder] -->        var new_height = rollers_height + 72;<!-- [et_pb_line_break_holder] -->        const container = document.querySelector('#tru_turf_rollers div[id*=\"zoid-rollers-widget\"]');<!-- [et_pb_line_break_holder] -->        if (container) {<!-- [et_pb_line_break_holder] -->          container.style.height = new_height + 'px';<!-- [et_pb_line_break_holder] -->        }<!-- [et_pb_line_break_holder] -->      },<!-- [et_pb_line_break_holder] -->    }).render('#tru_turf_rollers');<!-- [et_pb_line_break_holder] --><!-- [et_pb_line_break_holder] -->    \/\/ D\u00e9tection du widget charg\u00e9<!-- [et_pb_line_break_holder] -->    const waitForIframe = setInterval(() => {<!-- [et_pb_line_break_holder] -->      const iframe = document.querySelector('#tru_turf_rollers iframe');<!-- [et_pb_line_break_holder] -->      if (iframe && iframe.offsetHeight > 200) {<!-- [et_pb_line_break_holder] -->        loader.style.display = 'none';<!-- [et_pb_line_break_holder] -->        clearInterval(waitForIframe);<!-- [et_pb_line_break_holder] -->      }<!-- [et_pb_line_break_holder] -->    }, 300);<!-- [et_pb_line_break_holder] --><!-- [et_pb_line_break_holder] -->    \/\/ S\u00e9curit\u00e9 : cache le texte au bout de 10s quoi qu'il arrive<!-- [et_pb_line_break_holder] -->    setTimeout(() => {<!-- [et_pb_line_break_holder] -->      loader.style.display = 'none';<!-- [et_pb_line_break_holder] -->      clearInterval(waitForIframe);<!-- [et_pb_line_break_holder] -->    }, 10000);<!-- [et_pb_line_break_holder] -->  });<!-- [et_pb_line_break_holder] --><\/script><!-- [et_pb_line_break_holder] -->[\/et_pb_code][\/et_pb_column][\/et_pb_row][\/et_pb_section]<\/p>\n","protected":false},"excerpt":{"rendered":"<p>ROLLING PERFECTION Fa\u00e7onner l\u2019excellence, nourrir les \u00e9cosyst\u00e8mes : Chez Tru-Turf, nous sommes sp\u00e9cialistes dans un seul objectif : le roulage. Pourtant, nous incarnons un objectif qui va bien au-del\u00e0. Nous ne sommes pas seulement des experts ; nous sommes des intendants des personnes, des champions de l\u2019innovation et des partisans de l\u2019harmonie environnementale. EN SAVOIR [&hellip;]<\/p>\n","protected":false},"author":1,"featured_media":0,"parent":0,"menu_order":0,"comment_status":"closed","ping_status":"closed","template":"","meta":{"_et_pb_use_builder":"on","_et_pb_old_content":"","_et_gb_content_width":"","footnotes":""},"class_list":["post-1706","page","type-page","status-publish","hentry"],"_links":{"self":[{"href":"https:\/\/greenmix2025.fr\/index.php\/wp-json\/wp\/v2\/pages\/1706","targetHints":{"allow":["GET"]}}],"collection":[{"href":"https:\/\/greenmix2025.fr\/index.php\/wp-json\/wp\/v2\/pages"}],"about":[{"href":"https:\/\/greenmix2025.fr\/index.php\/wp-json\/wp\/v2\/types\/page"}],"author":[{"embeddable":true,"href":"https:\/\/greenmix2025.fr\/index.php\/wp-json\/wp\/v2\/users\/1"}],"replies":[{"embeddable":true,"href":"https:\/\/greenmix2025.fr\/index.php\/wp-json\/wp\/v2\/comments?post=1706"}],"version-history":[{"count":27,"href":"https:\/\/greenmix2025.fr\/index.php\/wp-json\/wp\/v2\/pages\/1706\/revisions"}],"predecessor-version":[{"id":1940,"href":"https:\/\/greenmix2025.fr\/index.php\/wp-json\/wp\/v2\/pages\/1706\/revisions\/1940"}],"wp:attachment":[{"href":"https:\/\/greenmix2025.fr\/index.php\/wp-json\/wp\/v2\/media?parent=1706"}],"curies":[{"name":"wp","href":"https:\/\/api.w.org\/{rel}","templated":true}]}}